{"id":34,"date":"2016-09-01T15:32:16","date_gmt":"2016-09-01T13:32:16","guid":{"rendered":"http:\/\/fuerte-fitness.de\/?page_id=34"},"modified":"2016-09-16T21:19:17","modified_gmt":"2016-09-16T19:19:17","slug":"step-by-step","status":"publish","type":"page","link":"https:\/\/fuerte-fitness.de\/index.php\/step-by-step\/","title":{"rendered":"Step by Step"},"content":{"rendered":"<h1>[huge_it_slider id=&#8221;7&#8243;]<\/h1>\n<h1>Info<\/h1>\n<p><img decoding=\"async\" class=\"alignnone size-full wp-image-320\" src=\"http:\/\/fuerte-fitness.de\/wp-content\/uploads\/2016\/09\/Info.jpg\" alt=\"Info\" width=\"242\" height=\"161\" \/><\/p>\n<p style=\"text-align: justify;\">Bei unserer ersten Begegnung kommunizieren Sie uns Ihre pers\u00f6nlichen Ziele auf sportlicher und gesundheitlicher Ebene. Wir beraten Sie, welches Produkt aus unserer Angebotspalette f\u00fcr Sie zutreffend ist. Sie bestimmen den zeitlichen und \u00f6rtlichen Rahmen. Wir stellen genau das Richtige f\u00fcr Sie zusammen. Uns ist es wichtig, jeden dort abzuholen, wo er steht. Nur dann werden beide Seiten auf Dauer Spass und Erfolg haben.<\/p>\n<hr \/>\n<h1><span class=\"Headline\">Blutdruck<\/span><\/h1>\n<p><img fetchpriority=\"high\" decoding=\"async\" class=\"alignnone size-medium wp-image-422\" src=\"http:\/\/fuerte-fitness.de\/wp-content\/uploads\/2016\/09\/Blutdruck-1-199x300.jpg\" alt=\"blutdruck\" width=\"199\" height=\"300\" srcset=\"https:\/\/fuerte-fitness.de\/wp-content\/uploads\/2016\/09\/Blutdruck-1-199x300.jpg 199w, https:\/\/fuerte-fitness.de\/wp-content\/uploads\/2016\/09\/Blutdruck-1-768x1156.jpg 768w, https:\/\/fuerte-fitness.de\/wp-content\/uploads\/2016\/09\/Blutdruck-1-680x1024.jpg 680w, https:\/\/fuerte-fitness.de\/wp-content\/uploads\/2016\/09\/Blutdruck-1-720x1084.jpg 720w, https:\/\/fuerte-fitness.de\/wp-content\/uploads\/2016\/09\/Blutdruck-1.jpg 797w\" sizes=\"(max-width: 199px) 100vw, 199px\" \/><\/p>\n<p style=\"text-align: justify;\">Eine Blutdruckmessung geh\u00f6rt zum obligatorischen Check vor und nach jeder Trainingseinheit<\/p>\n<hr \/>\n<h1><span class=\"Headline\">Lungenfunktion<\/span><\/h1>\n<p style=\"text-align: justify;\"><img decoding=\"async\" class=\"alignnone size-medium wp-image-323\" src=\"http:\/\/fuerte-fitness.de\/wp-content\/uploads\/2016\/09\/Lungenfunktion_1-224x300.jpg\" alt=\"Lungenfunktion_1\" width=\"224\" height=\"300\" srcset=\"https:\/\/fuerte-fitness.de\/wp-content\/uploads\/2016\/09\/Lungenfunktion_1-224x300.jpg 224w, https:\/\/fuerte-fitness.de\/wp-content\/uploads\/2016\/09\/Lungenfunktion_1.jpg 242w\" sizes=\"(max-width: 224px) 100vw, 224px\" \/><\/p>\n<p style=\"text-align: justify;\">Mit einem Spiropet, einem Ger\u00e4t, in dass man hineinpusten muss, bestimmen wir die Lungenkapazit\u00e4t und vergleichen sie mit den mittleren Normwerten.<\/p>\n<hr \/>\n<h1><span class=\"Headline\">K\u00f6rperfettanalyse<\/span><\/h1>\n<p style=\"text-align: justify;\"><img loading=\"lazy\" decoding=\"async\" class=\"alignnone size-medium wp-image-423\" src=\"http:\/\/fuerte-fitness.de\/wp-content\/uploads\/2016\/09\/Koerperfettanalyse-300x199.jpg\" alt=\"koerperfettanalyse\" width=\"300\" height=\"199\" srcset=\"https:\/\/fuerte-fitness.de\/wp-content\/uploads\/2016\/09\/Koerperfettanalyse-300x199.jpg 300w, https:\/\/fuerte-fitness.de\/wp-content\/uploads\/2016\/09\/Koerperfettanalyse-768x510.jpg 768w, https:\/\/fuerte-fitness.de\/wp-content\/uploads\/2016\/09\/Koerperfettanalyse-1024x680.jpg 1024w, https:\/\/fuerte-fitness.de\/wp-content\/uploads\/2016\/09\/Koerperfettanalyse-720x478.jpg 720w, https:\/\/fuerte-fitness.de\/wp-content\/uploads\/2016\/09\/Koerperfettanalyse.jpg 1200w\" sizes=\"(max-width: 300px) 100vw, 300px\" \/><\/p>\n<p style=\"text-align: justify;\">Wir messen den aktuellen K\u00f6rperfettgehalt \u00fcber eine der genauesten Messmethoden &#8211; die Infrarotmessung mit dem FUTREX Ger\u00e4t der Firma Vicmedic Systems. Dieses Ger\u00e4t hat im Vergleich zu anderen herk\u00f6mmlichen Messmethoden eine sehr hohe Messgenauigkeit. Ausgehend von diesen Werten, der ermittelten Fettmasse, der fettfreien Masse und dem Fl\u00fcssigkeitshaushalt k\u00f6nnen wir ein genaues Ziel anvisieren. Das ist f\u00fcr die Trainingsplanung ein gutes Steuerungsinstrument und ein hoher Motivator.<\/p>\n<hr \/>\n<h1><span class=\"Headline\">Pulsmessung<\/span><\/h1>\n<p style=\"text-align: justify;\"><img loading=\"lazy\" decoding=\"async\" class=\"alignnone size-medium wp-image-325\" src=\"http:\/\/fuerte-fitness.de\/wp-content\/uploads\/2016\/09\/Puls_1-201x300.jpg\" alt=\"Puls_1\" width=\"201\" height=\"300\" srcset=\"https:\/\/fuerte-fitness.de\/wp-content\/uploads\/2016\/09\/Puls_1-201x300.jpg 201w, https:\/\/fuerte-fitness.de\/wp-content\/uploads\/2016\/09\/Puls_1.jpg 242w\" sizes=\"(max-width: 201px) 100vw, 201px\" \/><\/p>\n<p style=\"text-align: justify;\">Viele Sportler trainieren nicht im optimalen Belastungsbereich. Deshalb benutzen wir Herzfrequenzmesser, um diesen Parameter genau kontrollieren zu k\u00f6nnen. F\u00fcr manch einen Kunden ist das die erste Begegnung mit der Pulsuhr. Man lernt seinen K\u00f6rper besser kennen und kann sehr effizient sein Ausdauertraining betreiben.<\/p>\n<hr \/>\n<h1><span class=\"Headline\">Laktatanalyse<\/span><\/h1>\n<p><img loading=\"lazy\" decoding=\"async\" class=\"alignnone size-medium wp-image-424\" src=\"http:\/\/fuerte-fitness.de\/wp-content\/uploads\/2016\/09\/Laktat-1-300x199.jpg\" alt=\"laktatanalyse\" width=\"300\" height=\"199\" srcset=\"https:\/\/fuerte-fitness.de\/wp-content\/uploads\/2016\/09\/Laktat-1-300x199.jpg 300w, https:\/\/fuerte-fitness.de\/wp-content\/uploads\/2016\/09\/Laktat-1-768x510.jpg 768w, https:\/\/fuerte-fitness.de\/wp-content\/uploads\/2016\/09\/Laktat-1-1024x680.jpg 1024w, https:\/\/fuerte-fitness.de\/wp-content\/uploads\/2016\/09\/Laktat-1-720x478.jpg 720w, https:\/\/fuerte-fitness.de\/wp-content\/uploads\/2016\/09\/Laktat-1.jpg 1200w\" sizes=\"(max-width: 300px) 100vw, 300px\" \/><\/p>\n<p style=\"text-align: justify;\">Fettverbrennung bei Puls 120? Trimm dich 130? Wer hat das nicht schon einmal geh\u00f6rt. Trennen Sie sich von Pauschalaussagen. Jeder Mensch ist ein Individuum. Deshalb gibt es keine Zauberformeln zur Bestimmung der Trainingsherzfrequenz oder Ihres Fettstoffwechselbereiches.<\/p>\n<p style=\"text-align: justify;\"><img loading=\"lazy\" decoding=\"async\" class=\"alignnone size-medium wp-image-327\" src=\"http:\/\/fuerte-fitness.de\/wp-content\/uploads\/2016\/09\/Laktat_3-201x300.jpg\" alt=\"Laktat_3\" width=\"201\" height=\"300\" srcset=\"https:\/\/fuerte-fitness.de\/wp-content\/uploads\/2016\/09\/Laktat_3-201x300.jpg 201w, https:\/\/fuerte-fitness.de\/wp-content\/uploads\/2016\/09\/Laktat_3.jpg 242w\" sizes=\"(max-width: 201px) 100vw, 201px\" \/><\/p>\n<p style=\"text-align: justify;\">Wir empfehlen jedem Beginner, aber auch Sportlern, die schon lange trainieren, eine Laktat-Leistungsdiagnostik. Lakatat ist ein Stoffwechselendprodukt. Mit steigender Belastung nimmt die Laktatkonzentration im Blut zu. Mit einem Stufenbelastungstest wird \u00fcber ein Tr\u00f6pfchen Kapillarblut die Laktatkonzentration\u00a0photometrisch gemessen und in Korrelation zu Ihrer Herzfrequenz gestellt. Ihre individuellen Resultate erm\u00f6glichen es Ihnen und Ihrem Personal Trainer, einen effektiv an Ihre Ziele angepassten Trainingsplan zu erstellen.<\/p>\n<hr \/>\n<h1><span class=\"Headline\">K\u00f6rpercheck<\/span><\/h1>\n<p><img loading=\"lazy\" decoding=\"async\" class=\"alignnone size-medium wp-image-421\" src=\"http:\/\/fuerte-fitness.de\/wp-content\/uploads\/2016\/09\/Koerpercheck-300x199.jpg\" alt=\"koerpercheck\" width=\"300\" height=\"199\" srcset=\"https:\/\/fuerte-fitness.de\/wp-content\/uploads\/2016\/09\/Koerpercheck-300x199.jpg 300w, https:\/\/fuerte-fitness.de\/wp-content\/uploads\/2016\/09\/Koerpercheck-768x510.jpg 768w, https:\/\/fuerte-fitness.de\/wp-content\/uploads\/2016\/09\/Koerpercheck-1024x680.jpg 1024w, https:\/\/fuerte-fitness.de\/wp-content\/uploads\/2016\/09\/Koerpercheck-720x478.jpg 720w, https:\/\/fuerte-fitness.de\/wp-content\/uploads\/2016\/09\/Koerpercheck.jpg 1200w\" sizes=\"(max-width: 300px) 100vw, 300px\" \/><\/p>\n<p style=\"text-align: justify;\">Der K\u00f6rpercheck vereint alle wichtigen Messungen miteinander, so dass der Kunde am Ende seinen IST-Zustand\u00a0 sowie fundierte Trainingsempfehlungen vorliegen hat. Der Check besteht aus der Blutdruckmessung, Messung der Sauerstoffs\u00e4ttigung, Lungenfunktionstest, einer Analyse des vegetativen Nervensystems und der Laktat-Leistungsdiagnostik.<\/p>\n<hr \/>\n<h1>\u00a0<span class=\"Headline\">Ausdauertraining<\/span><\/h1>\n<p style=\"text-align: justify;\"><img loading=\"lazy\" decoding=\"async\" class=\"alignnone size-medium wp-image-329\" src=\"http:\/\/fuerte-fitness.de\/wp-content\/uploads\/2016\/09\/Nordic_Walking-201x300.jpg\" alt=\"Nordic_Walking\" width=\"201\" height=\"300\" srcset=\"https:\/\/fuerte-fitness.de\/wp-content\/uploads\/2016\/09\/Nordic_Walking-201x300.jpg 201w, https:\/\/fuerte-fitness.de\/wp-content\/uploads\/2016\/09\/Nordic_Walking.jpg 242w\" sizes=\"(max-width: 201px) 100vw, 201px\" \/><\/p>\n<p style=\"text-align: justify;\">Da unsere Destinationen fast ausschlie\u00dflich im S\u00fcden sind, wird es Ihnen Spass machen, Ihre neu ermittelten Werte an der frischen Luft bei Sonne und traumhafter Kulisse mit Ihrem Personal Trainer umzusetzen. Unser Spektrum reicht von Walking, Nordic Walking, XCO Walking, Running, Jogging, Biken bis Schwimmen, Inline Skaten und Rudern. Sie k\u00f6nnen selbstverst\u00e4ndlich auf Wunsch mit den Ausdauertrainingsger\u00e4ten des Fitness Studios vertraut gemacht werden. Dabei ist uns eine Schulung der exakten Techniken ebenso wichtig wie das Einhalten der Herzfrequenzbereiche.<\/p>\n<div id=\"dc_vk_code\" style=\"display: none;\"><\/div>\n","protected":false},"excerpt":{"rendered":"<p>[huge_it_slider id=&#8221;7&#8243;] Info Bei unserer ersten Begegnung kommunizieren Sie uns Ihre pers\u00f6nlichen Ziele auf sportlicher und gesundheitlicher Ebene. Wir beraten Sie, welches Produkt aus unserer Angebotspalette f\u00fcr Sie zutreffend ist. Sie bestimmen den zeitlichen und \u00f6rtlichen Rahmen. Wir stellen genau das Richtige f\u00fcr Sie zusammen. Uns ist es wichtig, jeden dort abzuholen, wo er steht. [&hellip;]<\/p>\n","protected":false},"author":1,"featured_media":0,"parent":0,"menu_order":0,"comment_status":"closed","ping_status":"closed","template":"","meta":{"footnotes":""},"_links":{"self":[{"href":"https:\/\/fuerte-fitness.de\/index.php\/wp-json\/wp\/v2\/pages\/34"}],"collection":[{"href":"https:\/\/fuerte-fitness.de\/index.php\/wp-json\/wp\/v2\/pages"}],"about":[{"href":"https:\/\/fuerte-fitness.de\/index.php\/wp-json\/wp\/v2\/types\/page"}],"author":[{"embeddable":true,"href":"https:\/\/fuerte-fitness.de\/index.php\/wp-json\/wp\/v2\/users\/1"}],"replies":[{"embeddable":true,"href":"https:\/\/fuerte-fitness.de\/index.php\/wp-json\/wp\/v2\/comments?post=34"}],"version-history":[{"count":7,"href":"https:\/\/fuerte-fitness.de\/index.php\/wp-json\/wp\/v2\/pages\/34\/revisions"}],"predecessor-version":[{"id":446,"href":"https:\/\/fuerte-fitness.de\/index.php\/wp-json\/wp\/v2\/pages\/34\/revisions\/446"}],"wp:attachment":[{"href":"https:\/\/fuerte-fitness.de\/index.php\/wp-json\/wp\/v2\/media?parent=34"}],"curies":[{"name":"wp","href":"https:\/\/api.w.org\/{rel}","templated":true}]}}